{"id":360609,"date":"2022-04-28T09:52:43","date_gmt":"2022-04-28T02:52:43","guid":{"rendered":"https:\/\/ibs-pattaya.com\/blog\/"},"modified":"2022-07-06T22:21:06","modified_gmt":"2022-07-06T15:21:06","slug":"blog","status":"publish","type":"page","link":"https:\/\/ibs-pattaya.com\/fr\/blog\/","title":{"rendered":"Blog"},"content":{"rendered":"<p>[et_pb_section fb_built=\u00a0\u00bb1&Prime; custom_padding_last_edited=\u00a0\u00bbon|phone\u00a0\u00bb admin_label=\u00a0\u00bbHeader\u00a0\u00bb _builder_version=\u00a0\u00bb4.17.0&Prime; _module_preset=\u00a0\u00bbdefault\u00a0\u00bb background_color=\u00a0\u00bb#161329&Prime; background_color_gradient_start=\u00a0\u00bb#1d1d25&Prime; background_color_gradient_end=\u00a0\u00bbrgba(255,255,255,0)\u00a0\u00bb background_enable_image=\u00a0\u00bboff\u00a0\u00bb custom_padding_tablet=\u00a0\u00bb\u00a0\u00bb custom_padding_phone=\u00a0\u00bb10px||10px||true|false\u00a0\u00bb locked=\u00a0\u00bboff\u00a0\u00bb global_colors_info=\u00a0\u00bb{}\u00a0\u00bb][et_pb_row _builder_version=\u00a0\u00bb4.16&Prime; _module_preset=\u00a0\u00bbdefault\u00a0\u00bb global_colors_info=\u00a0\u00bb{}\u00a0\u00bb][et_pb_column type=\u00a0\u00bb4_4&Prime; _builder_version=\u00a0\u00bb4.16&Prime; _module_preset=\u00a0\u00bbdefault\u00a0\u00bb custom_padding_tablet=\u00a0\u00bb40px||40px||true|false\u00a0\u00bb custom_padding_phone=\u00a0\u00bb20px||20px||true|false\u00a0\u00bb custom_padding_last_edited=\u00a0\u00bboff|desktop\u00a0\u00bb global_colors_info=\u00a0\u00bb{}\u00a0\u00bb][et_pb_text _builder_version=\u00a0\u00bb4.17.0&Prime; _module_preset=\u00a0\u00bbdefault\u00a0\u00bb text_text_color=\u00a0\u00bb#FFFFFF\u00a0\u00bb text_font_size=\u00a0\u00bb16px\u00a0\u00bb text_line_height=\u00a0\u00bb1.8em\u00a0\u00bb link_text_color=\u00a0\u00bb#1FB9D8&Prime; custom_margin=\u00a0\u00bb||15px||false|false\u00a0\u00bb custom_margin_tablet=\u00a0\u00bb|||-60px|false|false\u00a0\u00bb custom_margin_phone=\u00a0\u00bb|||0px|false|false\u00a0\u00bb custom_margin_last_edited=\u00a0\u00bboff|desktop\u00a0\u00bb custom_padding=\u00a0\u00bb||||false|false\u00a0\u00bb text_font_size_tablet=\u00a0\u00bb15px\u00a0\u00bb text_font_size_phone=\u00a0\u00bb14px\u00a0\u00bb text_font_size_last_edited=\u00a0\u00bbon|phone\u00a0\u00bb header_font_size_tablet=\u00a0\u00bb55px\u00a0\u00bb header_font_size_last_edited=\u00a0\u00bboff|desktop\u00a0\u00bb locked=\u00a0\u00bboff\u00a0\u00bb global_colors_info=\u00a0\u00bb{}\u00a0\u00bb]<\/p>\n<span><span><a href=\"https:\/\/ibs-pattaya.com\/fr\/infinity-benefit-solution\/\">Accueil<\/a><\/span><\/span>\n<p>[\/et_pb_text][et_pb_text _builder_version=\u00a0\u00bb4.17.0&Prime; _module_preset=\u00a0\u00bbdefault\u00a0\u00bb header_font=\u00a0\u00bbOutfit|600|||||||\u00a0\u00bb header_text_color=\u00a0\u00bb#FFFFFF\u00a0\u00bb header_font_size=\u00a0\u00bb72px\u00a0\u00bb header_line_height=\u00a0\u00bb1.1em\u00a0\u00bb max_width=\u00a0\u00bb600px\u00a0\u00bb custom_margin=\u00a0\u00bb||0px||false|false\u00a0\u00bb header_font_size_tablet=\u00a0\u00bb40px\u00a0\u00bb header_font_size_phone=\u00a0\u00bb44px\u00a0\u00bb header_font_size_last_edited=\u00a0\u00bbon|phone\u00a0\u00bb locked=\u00a0\u00bboff\u00a0\u00bb global_colors_info=\u00a0\u00bb{}\u00a0\u00bb]<\/p>\n<h1>Blog<\/h1>\n<p>[\/et_pb_text][et_pb_divider color=\u00a0\u00bbrgba(255,255,255,0.3)\u00a0\u00bb divider_weight=\u00a0\u00bb10px\u00a0\u00bb _builder_version=\u00a0\u00bb4.16&Prime; _module_preset=\u00a0\u00bbdefault\u00a0\u00bb z_index=\u00a0\u00bb10&Prime; max_width=\u00a0\u00bb260px\u00a0\u00bb height=\u00a0\u00bb10px\u00a0\u00bb custom_margin=\u00a0\u00bb-32px||30px||false|false\u00a0\u00bb custom_margin_tablet=\u00a0\u00bb-27px||||false|false\u00a0\u00bb custom_margin_phone=\u00a0\u00bb-18px||||false|false\u00a0\u00bb custom_margin_last_edited=\u00a0\u00bbon|phone\u00a0\u00bb global_colors_info=\u00a0\u00bb{}\u00a0\u00bb][\/et_pb_divider][\/et_pb_column][\/et_pb_row][\/et_pb_section][et_pb_section fb_built=\u00a0\u00bb1&Prime; admin_label=\u00a0\u00bbBlog\u00a0\u00bb _builder_version=\u00a0\u00bb4.16&Prime; _module_preset=\u00a0\u00bbdefault\u00a0\u00bb custom_padding=\u00a0\u00bb0px|||||\u00a0\u00bb locked=\u00a0\u00bboff\u00a0\u00bb global_colors_info=\u00a0\u00bb{}\u00a0\u00bb][et_pb_row _builder_version=\u00a0\u00bb4.16&Prime; _module_preset=\u00a0\u00bbdefault\u00a0\u00bb custom_padding=\u00a0\u00bb0px|||||\u00a0\u00bb global_colors_info=\u00a0\u00bb{}\u00a0\u00bb][et_pb_column type=\u00a0\u00bb4_4&Prime; _builder_version=\u00a0\u00bb4.16&Prime; _module_preset=\u00a0\u00bbdefault\u00a0\u00bb global_colors_info=\u00a0\u00bb{}\u00a0\u00bb][et_pb_post_slider posts_number=\u00a0\u00bb3&Prime; show_meta=\u00a0\u00bboff\u00a0\u00bb show_image=\u00a0\u00bboff\u00a0\u00bb use_bg_overlay=\u00a0\u00bboff\u00a0\u00bb arrows_custom_color=\u00a0\u00bb#FFFFFF\u00a0\u00bb dot_nav_custom_color=\u00a0\u00bb#FFFFFF\u00a0\u00bb _builder_version=\u00a0\u00bb4.17.0&Prime; _module_preset=\u00a0\u00bbdefault\u00a0\u00bb header_level=\u00a0\u00bbh3&Prime; header_font=\u00a0\u00bbOutfit|600|||||||\u00a0\u00bb header_text_align=\u00a0\u00bbcenter\u00a0\u00bb header_text_color=\u00a0\u00bb#FFFFFF\u00a0\u00bb header_font_size=\u00a0\u00bb30px\u00a0\u00bb header_line_height=\u00a0\u00bb1.1em\u00a0\u00bb body_text_align=\u00a0\u00bbcenter\u00a0\u00bb body_text_color=\u00a0\u00bbrgba(255,255,255,0.7)\u00a0\u00bb body_font_size=\u00a0\u00bb16px\u00a0\u00bb body_line_height=\u00a0\u00bb1.8em\u00a0\u00bb meta_font=\u00a0\u00bb|600|||||||\u00a0\u00bb meta_text_color=\u00a0\u00bb#687D65&Prime; meta_line_height=\u00a0\u00bb1.4em\u00a0\u00bb background_enable_color=\u00a0\u00bboff\u00a0\u00bb use_background_color_gradient=\u00a0\u00bbon\u00a0\u00bb background_color_gradient_stops=\u00a0\u00bb#0e7cb8 0%|#1fb9d8 100%\u00a0\u00bb custom_button=\u00a0\u00bbon\u00a0\u00bb button_text_size=\u00a0\u00bb14px\u00a0\u00bb button_text_color=\u00a0\u00bb#000000&Prime; button_bg_color=\u00a0\u00bb#FFFFFF\u00a0\u00bb button_border_width=\u00a0\u00bb0px\u00a0\u00bb button_border_radius=\u00a0\u00bb0px\u00a0\u00bb button_letter_spacing=\u00a0\u00bb0.2em\u00a0\u00bb button_font=\u00a0\u00bb|700||on|||||\u00a0\u00bb button_alignment=\u00a0\u00bbcenter\u00a0\u00bb button_custom_padding=\u00a0\u00bb20px|40px|20px|40px|true|true\u00a0\u00bb custom_margin_tablet=\u00a0\u00bb0px||||false|false\u00a0\u00bb custom_margin_last_edited=\u00a0\u00bboff|desktop\u00a0\u00bb header_font_size_tablet=\u00a0\u00bb20px\u00a0\u00bb header_font_size_phone=\u00a0\u00bb18px\u00a0\u00bb header_font_size_last_edited=\u00a0\u00bbon|desktop\u00a0\u00bb header_line_height_tablet=\u00a0\u00bb1.2em\u00a0\u00bb header_line_height_last_edited=\u00a0\u00bboff|desktop\u00a0\u00bb body_font_size_tablet=\u00a0\u00bb15px\u00a0\u00bb body_font_size_phone=\u00a0\u00bb14px\u00a0\u00bb body_font_size_last_edited=\u00a0\u00bbon|desktop\u00a0\u00bb locked=\u00a0\u00bboff\u00a0\u00bb global_colors_info=\u00a0\u00bb{}\u00a0\u00bb][\/et_pb_post_slider][\/et_pb_column][\/et_pb_row][et_pb_row _builder_version=\u00a0\u00bb4.16&Prime; _module_preset=\u00a0\u00bbdefault\u00a0\u00bb custom_padding=\u00a0\u00bb||0px|||\u00a0\u00bb global_colors_info=\u00a0\u00bb{}\u00a0\u00bb][et_pb_column type=\u00a0\u00bb4_4&Prime; _builder_version=\u00a0\u00bb4.16&Prime; _module_preset=\u00a0\u00bbdefault\u00a0\u00bb global_colors_info=\u00a0\u00bb{}\u00a0\u00bb][et_pb_blog fullwidth=\u00a0\u00bboff\u00a0\u00bb posts_number=\u00a0\u00bb6&Prime; include_categories=\u00a0\u00bball\u00a0\u00bb show_author=\u00a0\u00bboff\u00a0\u00bb show_date=\u00a0\u00bboff\u00a0\u00bb masonry_tile_background_color=\u00a0\u00bbRGBA(0,0,0,0)\u00a0\u00bb _builder_version=\u00a0\u00bb4.17.0&Prime; _module_preset=\u00a0\u00bbdefault\u00a0\u00bb header_level=\u00a0\u00bbh4&Prime; header_font=\u00a0\u00bbOutfit|700|||||||\u00a0\u00bb header_text_color=\u00a0\u00bb#000000&Prime; header_font_size=\u00a0\u00bb18px\u00a0\u00bb header_line_height=\u00a0\u00bb1.1em\u00a0\u00bb body_line_height=\u00a0\u00bb1.8em\u00a0\u00bb meta_font=\u00a0\u00bb|600|||||||\u00a0\u00bb meta_text_color=\u00a0\u00bb#0E7CB8&Prime; meta_font_size=\u00a0\u00bb14px\u00a0\u00bb meta_line_height=\u00a0\u00bb1.8em\u00a0\u00bb read_more_font=\u00a0\u00bb|700||on|||||\u00a0\u00bb read_more_text_color=\u00a0\u00bb#000000&Prime; read_more_font_size=\u00a0\u00bb12px\u00a0\u00bb read_more_letter_spacing=\u00a0\u00bb2px\u00a0\u00bb read_more_line_height=\u00a0\u00bb2em\u00a0\u00bb pagination_font=\u00a0\u00bbOutfit|700|||on|||#000000|\u00a0\u00bb pagination_text_color=\u00a0\u00bb#000000&Prime; pagination_font_size=\u00a0\u00bb18px\u00a0\u00bb pagination_line_height=\u00a0\u00bb1.8em\u00a0\u00bb background_enable_color=\u00a0\u00bboff\u00a0\u00bb header_font_size_tablet=\u00a0\u00bb17px\u00a0\u00bb header_font_size_phone=\u00a0\u00bb16px\u00a0\u00bb header_font_size_last_edited=\u00a0\u00bbon|desktop\u00a0\u00bb body_font_size_phone=\u00a0\u00bb13px\u00a0\u00bb body_font_size_last_edited=\u00a0\u00bboff|desktop\u00a0\u00bb pagination_font_size_tablet=\u00a0\u00bb17px\u00a0\u00bb pagination_font_size_phone=\u00a0\u00bb16px\u00a0\u00bb pagination_font_size_last_edited=\u00a0\u00bbon|phone\u00a0\u00bb border_radii=\u00a0\u00bbon|10px|10px|10px|10px\u00a0\u00bb border_width_all=\u00a0\u00bb0px\u00a0\u00bb box_shadow_style=\u00a0\u00bbpreset1&Prime; box_shadow_vertical=\u00a0\u00bb0px\u00a0\u00bb box_shadow_blur=\u00a0\u00bb15px\u00a0\u00bb box_shadow_spread=\u00a0\u00bb-5px\u00a0\u00bb box_shadow_color=\u00a0\u00bbrgba(22,19,41,0.3)\u00a0\u00bb locked=\u00a0\u00bboff\u00a0\u00bb global_colors_info=\u00a0\u00bb{}\u00a0\u00bb][\/et_pb_blog][\/et_pb_column][\/et_pb_row][\/et_pb_section][et_pb_section fb_built=\u00a0\u00bb1&Prime; admin_label=\u00a0\u00bbCall to Action\u00a0\u00bb _builder_version=\u00a0\u00bb4.16&Prime; _module_preset=\u00a0\u00bbdefault\u00a0\u00bb custom_padding=\u00a0\u00bb0px||0px||false|false\u00a0\u00bb saved_tabs=\u00a0\u00bball\u00a0\u00bb locked=\u00a0\u00bboff\u00a0\u00bb global_colors_info=\u00a0\u00bb{}\u00a0\u00bb][et_pb_row custom_padding_last_edited=\u00a0\u00bbon|phone\u00a0\u00bb _builder_version=\u00a0\u00bb4.17.0&Prime; _module_preset=\u00a0\u00bbdefault\u00a0\u00bb background_enable_color=\u00a0\u00bboff\u00a0\u00bb use_background_color_gradient=\u00a0\u00bbon\u00a0\u00bb background_color_gradient_direction=\u00a0\u00bb90deg\u00a0\u00bb background_color_gradient_stops=\u00a0\u00bb#0e7cb8 0%|#1fb9d8 99%\u00a0\u00bb width=\u00a0\u00bb86%\u00a0\u00bb width_tablet=\u00a0\u00bb86%\u00a0\u00bb width_phone=\u00a0\u00bb100%\u00a0\u00bb width_last_edited=\u00a0\u00bbon|phone\u00a0\u00bb max_width=\u00a0\u00bb100%\u00a0\u00bb module_alignment=\u00a0\u00bbright\u00a0\u00bb custom_padding=\u00a0\u00bb48px|60px|48px|60px|true|true\u00a0\u00bb custom_padding_tablet=\u00a0\u00bb60px||60px||true|false\u00a0\u00bb custom_padding_phone=\u00a0\u00bb40px||40px||true|false\u00a0\u00bb global_colors_info=\u00a0\u00bb{}\u00a0\u00bb][et_pb_column type=\u00a0\u00bb4_4&Prime; _builder_version=\u00a0\u00bb4.16&Prime; _module_preset=\u00a0\u00bbdefault\u00a0\u00bb global_colors_info=\u00a0\u00bb{}\u00a0\u00bb][et_pb_text _builder_version=\u00a0\u00bb4.17.0&Prime; _module_preset=\u00a0\u00bb53fac924-1644-4f70-a8a0-435df3cf1c52&Prime; text_font=\u00a0\u00bbOutfit|600|||||||\u00a0\u00bb text_font_size=\u00a0\u00bb90px\u00a0\u00bb text_line_height=\u00a0\u00bb1.1em\u00a0\u00bb header_font=\u00a0\u00bbOutfit|600|||||||\u00a0\u00bb header_text_align=\u00a0\u00bbcenter\u00a0\u00bb header_text_color=\u00a0\u00bb#FFFFFF\u00a0\u00bb header_font_size=\u00a0\u00bb90px\u00a0\u00bb header_line_height=\u00a0\u00bb1.1em\u00a0\u00bb text_orientation=\u00a0\u00bbcenter\u00a0\u00bb background_layout=\u00a0\u00bbdark\u00a0\u00bb text_font_size_tablet=\u00a0\u00bb50px\u00a0\u00bb text_font_size_phone=\u00a0\u00bb24px\u00a0\u00bb text_font_size_last_edited=\u00a0\u00bbon|phone\u00a0\u00bb header_font_size_tablet=\u00a0\u00bb50px\u00a0\u00bb header_font_size_phone=\u00a0\u00bb24px\u00a0\u00bb header_font_size_last_edited=\u00a0\u00bbon|phone\u00a0\u00bb locked=\u00a0\u00bboff\u00a0\u00bb global_colors_info=\u00a0\u00bb{}\u00a0\u00bb]<\/p>\n<p>Pr\u00eat \u00e0 s&rsquo;\u00e9lever ?<\/p>\n<p>[\/et_pb_text][et_pb_button button_url=\u00a0\u00bbhttps:\/\/ibs-pattaya.com\/fr\/contactez-nous\/\u00a0\u00bb button_text=\u00a0\u00bbConsultation gratuite\u00a0\u00bb button_alignment=\u00a0\u00bbcenter\u00a0\u00bb _builder_version=\u00a0\u00bb4.17.0&Prime; _module_preset=\u00a0\u00bbbdf23963-464b-4991-88aa-271cf8b45b57&Prime; custom_button=\u00a0\u00bbon\u00a0\u00bb button_text_size=\u00a0\u00bb14px\u00a0\u00bb button_text_color=\u00a0\u00bb#000000&Prime; button_bg_color=\u00a0\u00bb#FFFFFF\u00a0\u00bb button_border_width=\u00a0\u00bb0px\u00a0\u00bb button_border_radius=\u00a0\u00bb0px\u00a0\u00bb button_font=\u00a0\u00bb|700|||||||\u00a0\u00bb custom_padding=\u00a0\u00bb20px|30px|20px|30px|true|true\u00a0\u00bb locked=\u00a0\u00bboff\u00a0\u00bb global_colors_info=\u00a0\u00bb{}\u00a0\u00bb][\/et_pb_button][\/et_pb_column][\/et_pb_row][\/et_pb_section]<\/p>\n","protected":false},"excerpt":{"rendered":"<p><span><span><a href=\"https:\/\/ibs-pattaya.com\/fr\/infinity-benefit-solution\/\">Accueil<\/a><\/span><\/span>BlogPr\u00eat \u00e0 s&rsquo;\u00e9lever ?<\/p>\n","protected":false},"author":1,"featured_media":360022,"parent":0,"menu_order":0,"comment_status":"closed","ping_status":"closed","template":"","meta":{"_acf_changed":false,"_et_pb_use_builder":"on","_et_pb_old_content":"","_et_gb_content_width":"","footnotes":""},"class_list":["post-360609","page","type-page","status-publish","has-post-thumbnail","hentry"],"acf":[],"yoast_head":"<!-- This site is optimized with the Yoast SEO plugin v27.3 - https:\/\/yoast.com\/product\/yoast-seo-wordpress\/ -->\n<title>Blog - L&#039;actualit\u00e9s des Services - Infinity Benefit Solution<\/title>\n<meta name=\"description\" content=\"Le blog d&#039;Infinity Benefit Solution est l\u00e0 pour vous apporter plus d&#039;informations sur nos services \u00e0 travers nos articles de blog.\" \/>\n<meta name=\"robots\" content=\"index, follow, max-snippet:-1, max-image-preview:large, max-video-preview:-1\" \/>\n<link rel=\"canonical\" href=\"https:\/\/ibs-pattaya.com\/fr\/blog\/\" \/>\n<meta property=\"og:locale\" content=\"fr_FR\" \/>\n<meta property=\"og:type\" content=\"article\" \/>\n<meta property=\"og:title\" content=\"Blog - L&#039;actualit\u00e9s des Services - Infinity Benefit Solution\" \/>\n<meta property=\"og:description\" content=\"Le blog d&#039;Infinity Benefit Solution est l\u00e0 pour vous apporter plus d&#039;informations sur nos services \u00e0 travers nos articles de blog.\" \/>\n<meta property=\"og:site_name\" content=\"IBS Pattaya\" \/>\n<meta property=\"article:publisher\" content=\"https:\/\/www.facebook.com\/ibspattaya\" \/>\n<meta property=\"article:modified_time\" content=\"2022-07-06T15:21:06+00:00\" \/>\n<meta property=\"og:image\" content=\"https:\/\/ibs-pattaya.com\/wp-content\/uploads\/2022\/05\/Blog.jpg\" \/>\n\t<meta property=\"og:image:width\" content=\"500\" \/>\n\t<meta property=\"og:image:height\" content=\"400\" \/>\n\t<meta property=\"og:image:type\" content=\"image\/jpeg\" \/>\n<meta name=\"twitter:card\" content=\"summary_large_image\" \/>\n<meta name=\"twitter:site\" content=\"@IbsPattaya\" \/>\n<meta name=\"twitter:label1\" content=\"Dur\u00e9e de lecture estim\u00e9e\" \/>\n\t<meta name=\"twitter:data1\" content=\"5 minutes\" \/>\n<script type=\"application\/ld+json\" class=\"yoast-schema-graph\">{\"@context\":\"https:\\\/\\\/schema.org\",\"@graph\":[{\"@type\":\"WebPage\",\"@id\":\"https:\\\/\\\/ibs-pattaya.com\\\/fr\\\/blog\\\/\",\"url\":\"https:\\\/\\\/ibs-pattaya.com\\\/fr\\\/blog\\\/\",\"name\":\"Blog - L'actualit\u00e9s des Services - Infinity Benefit Solution\",\"isPartOf\":{\"@id\":\"https:\\\/\\\/ibs-pattaya.com\\\/fr\\\/#website\"},\"primaryImageOfPage\":{\"@id\":\"https:\\\/\\\/ibs-pattaya.com\\\/fr\\\/blog\\\/#primaryimage\"},\"image\":{\"@id\":\"https:\\\/\\\/ibs-pattaya.com\\\/fr\\\/blog\\\/#primaryimage\"},\"thumbnailUrl\":\"https:\\\/\\\/ibs-pattaya.com\\\/wp-content\\\/uploads\\\/2022\\\/05\\\/Blog.jpg\",\"datePublished\":\"2022-04-28T02:52:43+00:00\",\"dateModified\":\"2022-07-06T15:21:06+00:00\",\"description\":\"Le blog d'Infinity Benefit Solution est l\u00e0 pour vous apporter plus d'informations sur nos services \u00e0 travers nos articles de blog.\",\"breadcrumb\":{\"@id\":\"https:\\\/\\\/ibs-pattaya.com\\\/fr\\\/blog\\\/#breadcrumb\"},\"inLanguage\":\"fr-FR\",\"potentialAction\":[{\"@type\":\"ReadAction\",\"target\":[\"https:\\\/\\\/ibs-pattaya.com\\\/fr\\\/blog\\\/\"]}]},{\"@type\":\"ImageObject\",\"inLanguage\":\"fr-FR\",\"@id\":\"https:\\\/\\\/ibs-pattaya.com\\\/fr\\\/blog\\\/#primaryimage\",\"url\":\"https:\\\/\\\/ibs-pattaya.com\\\/wp-content\\\/uploads\\\/2022\\\/05\\\/Blog.jpg\",\"contentUrl\":\"https:\\\/\\\/ibs-pattaya.com\\\/wp-content\\\/uploads\\\/2022\\\/05\\\/Blog.jpg\",\"width\":500,\"height\":400,\"caption\":\"Blog\"},{\"@type\":\"BreadcrumbList\",\"@id\":\"https:\\\/\\\/ibs-pattaya.com\\\/fr\\\/blog\\\/#breadcrumb\",\"itemListElement\":[{\"@type\":\"ListItem\",\"position\":1,\"name\":\"Accueil\",\"item\":\"https:\\\/\\\/ibs-pattaya.com\\\/fr\\\/infinity-benefit-solution\\\/\"},{\"@type\":\"ListItem\",\"position\":2,\"name\":\"Blog\"}]},{\"@type\":\"WebSite\",\"@id\":\"https:\\\/\\\/ibs-pattaya.com\\\/fr\\\/#website\",\"url\":\"https:\\\/\\\/ibs-pattaya.com\\\/fr\\\/\",\"name\":\"IBS Pattaya\",\"description\":\"Real Estate &amp; Services Agency Pattaya\",\"publisher\":{\"@id\":\"https:\\\/\\\/ibs-pattaya.com\\\/fr\\\/#organization\"},\"alternateName\":\"Infinity Benefit Solution Pattaya\",\"potentialAction\":[{\"@type\":\"SearchAction\",\"target\":{\"@type\":\"EntryPoint\",\"urlTemplate\":\"https:\\\/\\\/ibs-pattaya.com\\\/fr\\\/?s={search_term_string}\"},\"query-input\":{\"@type\":\"PropertyValueSpecification\",\"valueRequired\":true,\"valueName\":\"search_term_string\"}}],\"inLanguage\":\"fr-FR\"},{\"@type\":\"Organization\",\"@id\":\"https:\\\/\\\/ibs-pattaya.com\\\/fr\\\/#organization\",\"name\":\"Infinity Benefit Solution\",\"alternateName\":\"IBS\",\"url\":\"https:\\\/\\\/ibs-pattaya.com\\\/fr\\\/\",\"logo\":{\"@type\":\"ImageObject\",\"inLanguage\":\"fr-FR\",\"@id\":\"https:\\\/\\\/ibs-pattaya.com\\\/fr\\\/#\\\/schema\\\/logo\\\/image\\\/\",\"url\":\"https:\\\/\\\/ibs-pattaya.com\\\/wp-content\\\/uploads\\\/2022\\\/03\\\/Logo-Infinity-Benefit-Solution.jpg\",\"contentUrl\":\"https:\\\/\\\/ibs-pattaya.com\\\/wp-content\\\/uploads\\\/2022\\\/03\\\/Logo-Infinity-Benefit-Solution.jpg\",\"width\":900,\"height\":900,\"caption\":\"Infinity Benefit Solution\"},\"image\":{\"@id\":\"https:\\\/\\\/ibs-pattaya.com\\\/fr\\\/#\\\/schema\\\/logo\\\/image\\\/\"},\"sameAs\":[\"https:\\\/\\\/www.facebook.com\\\/ibspattaya\",\"https:\\\/\\\/x.com\\\/IbsPattaya\",\"https:\\\/\\\/www.instagram.com\\\/ibspattaya\\\/\",\"https:\\\/\\\/www.linkedin.com\\\/company\\\/infinity-benifit-solution\\\/\",\"https:\\\/\\\/www.youtube.com\\\/channel\\\/UC6sqB_MyHiHKTA28u9MexjA\",\"https:\\\/\\\/www.tiktok.com\\\/ibspattaya\",\"https:\\\/\\\/page.line.me\\\/?accountId=ibspattaya\"]}]}<\/script>\n<!-- \/ Yoast SEO plugin. -->","yoast_head_json":{"title":"Blog - L'actualit\u00e9s des Services - Infinity Benefit Solution","description":"Le blog d'Infinity Benefit Solution est l\u00e0 pour vous apporter plus d'informations sur nos services \u00e0 travers nos articles de blog.","robots":{"index":"index","follow":"follow","max-snippet":"max-snippet:-1","max-image-preview":"max-image-preview:large","max-video-preview":"max-video-preview:-1"},"canonical":"https:\/\/ibs-pattaya.com\/fr\/blog\/","og_locale":"fr_FR","og_type":"article","og_title":"Blog - L'actualit\u00e9s des Services - Infinity Benefit Solution","og_description":"Le blog d'Infinity Benefit Solution est l\u00e0 pour vous apporter plus d'informations sur nos services \u00e0 travers nos articles de blog.","og_site_name":"IBS Pattaya","article_publisher":"https:\/\/www.facebook.com\/ibspattaya","article_modified_time":"2022-07-06T15:21:06+00:00","og_image":[{"width":500,"height":400,"url":"https:\/\/ibs-pattaya.com\/wp-content\/uploads\/2022\/05\/Blog.jpg","type":"image\/jpeg"}],"twitter_card":"summary_large_image","twitter_site":"@IbsPattaya","twitter_misc":{"Dur\u00e9e de lecture estim\u00e9e":"5 minutes"},"schema":{"@context":"https:\/\/schema.org","@graph":[{"@type":"WebPage","@id":"https:\/\/ibs-pattaya.com\/fr\/blog\/","url":"https:\/\/ibs-pattaya.com\/fr\/blog\/","name":"Blog - L'actualit\u00e9s des Services - Infinity Benefit Solution","isPartOf":{"@id":"https:\/\/ibs-pattaya.com\/fr\/#website"},"primaryImageOfPage":{"@id":"https:\/\/ibs-pattaya.com\/fr\/blog\/#primaryimage"},"image":{"@id":"https:\/\/ibs-pattaya.com\/fr\/blog\/#primaryimage"},"thumbnailUrl":"https:\/\/ibs-pattaya.com\/wp-content\/uploads\/2022\/05\/Blog.jpg","datePublished":"2022-04-28T02:52:43+00:00","dateModified":"2022-07-06T15:21:06+00:00","description":"Le blog d'Infinity Benefit Solution est l\u00e0 pour vous apporter plus d'informations sur nos services \u00e0 travers nos articles de blog.","breadcrumb":{"@id":"https:\/\/ibs-pattaya.com\/fr\/blog\/#breadcrumb"},"inLanguage":"fr-FR","potentialAction":[{"@type":"ReadAction","target":["https:\/\/ibs-pattaya.com\/fr\/blog\/"]}]},{"@type":"ImageObject","inLanguage":"fr-FR","@id":"https:\/\/ibs-pattaya.com\/fr\/blog\/#primaryimage","url":"https:\/\/ibs-pattaya.com\/wp-content\/uploads\/2022\/05\/Blog.jpg","contentUrl":"https:\/\/ibs-pattaya.com\/wp-content\/uploads\/2022\/05\/Blog.jpg","width":500,"height":400,"caption":"Blog"},{"@type":"BreadcrumbList","@id":"https:\/\/ibs-pattaya.com\/fr\/blog\/#breadcrumb","itemListElement":[{"@type":"ListItem","position":1,"name":"Accueil","item":"https:\/\/ibs-pattaya.com\/fr\/infinity-benefit-solution\/"},{"@type":"ListItem","position":2,"name":"Blog"}]},{"@type":"WebSite","@id":"https:\/\/ibs-pattaya.com\/fr\/#website","url":"https:\/\/ibs-pattaya.com\/fr\/","name":"IBS Pattaya","description":"Real Estate &amp; Services Agency Pattaya","publisher":{"@id":"https:\/\/ibs-pattaya.com\/fr\/#organization"},"alternateName":"Infinity Benefit Solution Pattaya","potentialAction":[{"@type":"SearchAction","target":{"@type":"EntryPoint","urlTemplate":"https:\/\/ibs-pattaya.com\/fr\/?s={search_term_string}"},"query-input":{"@type":"PropertyValueSpecification","valueRequired":true,"valueName":"search_term_string"}}],"inLanguage":"fr-FR"},{"@type":"Organization","@id":"https:\/\/ibs-pattaya.com\/fr\/#organization","name":"Infinity Benefit Solution","alternateName":"IBS","url":"https:\/\/ibs-pattaya.com\/fr\/","logo":{"@type":"ImageObject","inLanguage":"fr-FR","@id":"https:\/\/ibs-pattaya.com\/fr\/#\/schema\/logo\/image\/","url":"https:\/\/ibs-pattaya.com\/wp-content\/uploads\/2022\/03\/Logo-Infinity-Benefit-Solution.jpg","contentUrl":"https:\/\/ibs-pattaya.com\/wp-content\/uploads\/2022\/03\/Logo-Infinity-Benefit-Solution.jpg","width":900,"height":900,"caption":"Infinity Benefit Solution"},"image":{"@id":"https:\/\/ibs-pattaya.com\/fr\/#\/schema\/logo\/image\/"},"sameAs":["https:\/\/www.facebook.com\/ibspattaya","https:\/\/x.com\/IbsPattaya","https:\/\/www.instagram.com\/ibspattaya\/","https:\/\/www.linkedin.com\/company\/infinity-benifit-solution\/","https:\/\/www.youtube.com\/channel\/UC6sqB_MyHiHKTA28u9MexjA","https:\/\/www.tiktok.com\/ibspattaya","https:\/\/page.line.me\/?accountId=ibspattaya"]}]}},"_links":{"self":[{"href":"https:\/\/ibs-pattaya.com\/fr\/wp-json\/wp\/v2\/pages\/360609","targetHints":{"allow":["GET"]}}],"collection":[{"href":"https:\/\/ibs-pattaya.com\/fr\/wp-json\/wp\/v2\/pages"}],"about":[{"href":"https:\/\/ibs-pattaya.com\/fr\/wp-json\/wp\/v2\/types\/page"}],"author":[{"embeddable":true,"href":"https:\/\/ibs-pattaya.com\/fr\/wp-json\/wp\/v2\/users\/1"}],"replies":[{"embeddable":true,"href":"https:\/\/ibs-pattaya.com\/fr\/wp-json\/wp\/v2\/comments?post=360609"}],"version-history":[{"count":0,"href":"https:\/\/ibs-pattaya.com\/fr\/wp-json\/wp\/v2\/pages\/360609\/revisions"}],"wp:featuredmedia":[{"embeddable":true,"href":"https:\/\/ibs-pattaya.com\/fr\/wp-json\/wp\/v2\/media\/360022"}],"wp:attachment":[{"href":"https:\/\/ibs-pattaya.com\/fr\/wp-json\/wp\/v2\/media?parent=360609"}],"curies":[{"name":"wp","href":"https:\/\/api.w.org\/{rel}","templated":true}]}}